{"id":36,"date":"2018-09-03T14:20:32","date_gmt":"2018-09-03T17:20:32","guid":{"rendered":"http:\/\/www.agromariavicente.com.ar\/?page_id=36"},"modified":"2024-09-17T20:33:45","modified_gmt":"2024-09-17T23:33:45","slug":"sobre-nosotros","status":"publish","type":"page","link":"https:\/\/www.agromariavicente.com.ar\/index.php\/sobre-nosotros\/","title":{"rendered":"Sobre nosotros"},"content":{"rendered":"<h3><\/h3>\n<p><strong>Agropecuaria Mar\u00eda Vicente<\/strong> (AMV) es una empresa de capitales argentinos erradicada en la provincia de Mendoza.<\/p>\n<p>Desde su fundaci\u00f3n en 2016 hasta el d\u00eda de hoy AMV sigue invirtiendo en su compromiso con la sostenibilidad e innovaci\u00f3n en el sector agropecuario, consolid\u00e1ndose como una de las mayores empresas agroindustriales de todo Mendoza.<\/p>\n<p>Entre algunas de nuestras actividades destacan los siguientes productos:<\/p>\n<ul>\n<li>Ajos<\/li>\n<li>Tomates para industria<\/li>\n<li>Tomates<\/li>\n<li>Pimientos<\/li>\n<li>Pepinos<\/li>\n<li>Ciruelas secas<\/li>\n<li>Pasas de uva<\/li>\n<li>Duraznos frescos<\/li>\n<li>Ciruelas frescas<\/li>\n<li>Membrillos<\/li>\n<li>Damascos<\/li>\n<\/ul>\n<p>La empresa trabaja bajo un riguroso sistema de normas internacionales, en la cual destaca por su producci\u00f3n 100% org\u00e1nica en varios de sus cultivos lo que le ha abierto las puertas en exigentes mercados como EEUU, Asia y Europa.<\/p>\n<p>&nbsp;<\/p>\n","protected":false},"excerpt":{"rendered":"<p>Agropecuaria Mar\u00eda Vicente (AMV) es una empresa de capitales argentinos erradicada en la provincia de Mendoza. Desde su fundaci\u00f3n en 2016 hasta el d\u00eda de hoy AMV sigue invirtiendo en su compromiso con la sostenibilidad e innovaci\u00f3n en el sector agropecuario, consolid\u00e1ndose como una de las mayores empresas agroindustriales de todo Mendoza. Entre algunas de &hellip; <\/p>\n<p class=\"link-more\"><a href=\"https:\/\/www.agromariavicente.com.ar\/index.php\/sobre-nosotros\/\" class=\"more-link\">Segu\u00ed leyendo<span class=\"screen-reader-text\"> &#8220;Sobre nosotros&#8221;<\/span><\/a><\/p>\n","protected":false},"author":1,"featured_media":0,"parent":0,"menu_order":0,"comment_status":"closed","ping_status":"closed","template":"","meta":{"footnotes":""},"class_list":["post-36","page","type-page","status-publish","hentry"],"_links":{"self":[{"href":"https:\/\/www.agromariavicente.com.ar\/index.php\/wp-json\/wp\/v2\/pages\/36","targetHints":{"allow":["GET"]}}],"collection":[{"href":"https:\/\/www.agromariavicente.com.ar\/index.php\/wp-json\/wp\/v2\/pages"}],"about":[{"href":"https:\/\/www.agromariavicente.com.ar\/index.php\/wp-json\/wp\/v2\/types\/page"}],"author":[{"embeddable":true,"href":"https:\/\/www.agromariavicente.com.ar\/index.php\/wp-json\/wp\/v2\/users\/1"}],"replies":[{"embeddable":true,"href":"https:\/\/www.agromariavicente.com.ar\/index.php\/wp-json\/wp\/v2\/comments?post=36"}],"version-history":[{"count":12,"href":"https:\/\/www.agromariavicente.com.ar\/index.php\/wp-json\/wp\/v2\/pages\/36\/revisions"}],"predecessor-version":[{"id":224,"href":"https:\/\/www.agromariavicente.com.ar\/index.php\/wp-json\/wp\/v2\/pages\/36\/revisions\/224"}],"wp:attachment":[{"href":"https:\/\/www.agromariavicente.com.ar\/index.php\/wp-json\/wp\/v2\/media?parent=36"}],"curies":[{"name":"wp","href":"https:\/\/api.w.org\/{rel}","templated":true}]}}